{"id":29,"date":"2018-09-21T10:20:59","date_gmt":"2018-09-21T08:20:59","guid":{"rendered":"http:\/\/www.ajime.fr\/?page_id=29"},"modified":"2021-06-07T13:17:33","modified_gmt":"2021-06-07T11:17:33","slug":"a-propos-de-ajime","status":"publish","type":"page","link":"http:\/\/www.ajime.fr\/fr\/a-propos-de-ajime\/","title":{"rendered":"A propos"},"content":{"rendered":"<p><strong>AJIME est experte dans le conseil de la Data Science, du Machine Learning et de l\u2019Intelligence Artificielle (IA)<\/strong>. Inspir\u00e9e du japonais \u00ab Hajime \u00bb renvoyant au d\u00e9but d\u2019une comp\u00e9tition, nous mettons \u00e0 votre service notre savoir-faire pour\u00a0<strong>contribuer durablement \u00e0 la performance<\/strong>\u00a0de votre entreprise.<\/p>\n<p>Nous vous d\u00e9livrons des solutions en Business Intelligence (BI) et Intelligence Op\u00e9rationnelle <strong>maximisant votre efficacit\u00e9 et profitabilit\u00e9. <\/strong>Notre expertise repose sur une palette de services s\u2019appuyant sur des consultants seniors et experts de la Data Science pour vous accompagner dans une d\u00e9marche d\u2019<strong>am\u00e9lioration continue<\/strong> de vos activit\u00e9s. Ainsi, nous nous engageons \u00e0 <strong>transformer vos donn\u00e9es<\/strong> en informations pertinentes apportant une aide pr\u00e9cieuse pour la <strong>prise de d\u00e9cision.<\/strong><\/p>","protected":false},"excerpt":{"rendered":"<p>AJIME est experte dans le conseil de la Data Science, du Machine Learning et de l\u2019Intelligence Artificielle (IA). Inspir\u00e9e du japonais \u00ab Hajime \u00bb renvoyant au d\u00e9but d\u2019une comp\u00e9tition, nous mettons \u00e0 votre service notre savoir-faire pour\u00a0contribuer durablement \u00e0 la performance\u00a0de votre entreprise. Nous vous d\u00e9livrons des solutions en Business Intelligence (BI) et Intelligence Op\u00e9rationnelle [&hellip;]<\/p>\n","protected":false},"author":1,"featured_media":0,"parent":0,"menu_order":0,"comment_status":"closed","ping_status":"closed","template":"","meta":[],"_links":{"self":[{"href":"http:\/\/www.ajime.fr\/fr\/wp-json\/wp\/v2\/pages\/29"}],"collection":[{"href":"http:\/\/www.ajime.fr\/fr\/wp-json\/wp\/v2\/pages"}],"about":[{"href":"http:\/\/www.ajime.fr\/fr\/wp-json\/wp\/v2\/types\/page"}],"author":[{"embeddable":true,"href":"http:\/\/www.ajime.fr\/fr\/wp-json\/wp\/v2\/users\/1"}],"replies":[{"embeddable":true,"href":"http:\/\/www.ajime.fr\/fr\/wp-json\/wp\/v2\/comments?post=29"}],"version-history":[{"count":0,"href":"http:\/\/www.ajime.fr\/fr\/wp-json\/wp\/v2\/pages\/29\/revisions"}],"wp:attachment":[{"href":"http:\/\/www.ajime.fr\/fr\/wp-json\/wp\/v2\/media?parent=29"}],"curies":[{"name":"wp","href":"https:\/\/api.w.org\/{rel}","templated":true}]}}